{"id":139,"date":"2026-04-13T08:03:26","date_gmt":"2026-04-13T08:03:26","guid":{"rendered":"https:\/\/www.ksiazemachiavellego.pl\/?page_id=139"},"modified":"2026-04-13T08:14:19","modified_gmt":"2026-04-13T08:14:19","slug":"newsletter-2","status":"publish","type":"page","link":"https:\/\/www.ksiazemachiavellego.pl\/?page_id=139","title":{"rendered":"Newsletter"},"content":{"rendered":"\n<p><strong>Newsletter \u2013 Ksi\u0119ga Machiavellego<\/strong><\/p>\n\n\n\n<p>To przestrze\u0144 dla tych, kt\u00f3rzy szukaj\u0105 czego\u015b wi\u0119cej ni\u017c powierzchownych tre\u015bci. Newsletter \u201eKsi\u0119ga Machiavellego\u201d to regularna dawka refleksji, strategii i obserwacji natury ludzkiej \u2013 podanych w formie, kt\u00f3ra sk\u0142ania do my\u015blenia i dzia\u0142ania.<\/p>\n\n\n\n<p>Znajdziesz tu:<\/p>\n\n\n\n<ul class=\"wp-block-list\">\n<li>przemy\u015blenia o w\u0142adzy, wp\u0142ywie i decyzjach<\/li>\n\n\n\n<li>inspiracje oparte na psychologii i realnych mechanizmach \u015bwiata<\/li>\n\n\n\n<li>kr\u00f3tkie, esencjonalne teksty, kt\u00f3re trafiaj\u0105 w punkt<\/li>\n\n\n\n<li>tre\u015bci niedost\u0119pne nigdzie indziej \u2013 tylko dla subskrybent\u00f3w<\/li>\n<\/ul>\n\n\n\n<p>To nie jest zwyk\u0142y newsletter. To narz\u0119dzie budowania \u015bwiadomo\u015bci, si\u0142y wewn\u0119trznej i strategicznego spojrzenia na rzeczywisto\u015b\u0107.<\/p>\n\n\n\n<p>Je\u015bli cenisz cisz\u0119 mi\u0119dzy s\u0142owami, g\u0142\u0119bi\u0119 przekazu i konkret \u2013 jeste\u015b we w\u0142a\u015bciwym miejscu.<\/p>\n\n\n\n<div style=\"padding:20px\" class=\"wp-block-tnp-minimal\"><p>Subskrybuj by nie przegapi\u0107 kolejnego posta \ud83d\ude0a<\/p><div><div class=\"tnp tnp-subscription \">\n<form method=\"post\" action=\"https:\/\/www.ksiazemachiavellego.pl\/wp-admin\/admin-ajax.php?action=tnp&amp;na=s\">\n<input type=\"hidden\" name=\"nlang\" value=\"\">\n<div class=\"tnp-field tnp-field-firstname\"><label for=\"tnp-1\">Imi\u0119<\/label>\n<input class=\"tnp-name\" type=\"text\" name=\"nn\" id=\"tnp-1\" value=\"\" placeholder=\"\"><\/div>\n<div class=\"tnp-field tnp-field-email\"><label for=\"tnp-2\">E-mail<\/label>\n<input class=\"tnp-email\" type=\"email\" name=\"ne\" id=\"tnp-2\" value=\"\" placeholder=\"\" required><\/div>\n<div class=\"tnp-field tnp-privacy-field\"><label><input type=\"checkbox\" name=\"ny\" required class=\"tnp-privacy\"> Akceptuj\u0119 polityk\u0119 prywatno\u015bci<\/label><\/div><div class=\"tnp-field tnp-field-button\" style=\"text-align: left\"><input class=\"tnp-submit\" type=\"submit\" value=\"Subskrybuj\" style=\"\">\n<\/div>\n<\/form>\n<\/div>\n<\/div><\/div>\n","protected":false},"excerpt":{"rendered":"<p>Newsletter \u2013 Ksi\u0119ga Machiavellego To przestrze\u0144 dla tych, kt\u00f3rzy szukaj\u0105 czego\u015b wi\u0119cej ni\u017c powierzchownych tre\u015bci. Newsletter \u201eKsi\u0119ga Machiavellego\u201d to regularna dawka refleksji, strategii i obserwacji natury ludzkiej \u2013 podanych w formie, kt\u00f3ra sk\u0142ania do my\u015blenia i dzia\u0142ania. Znajdziesz tu: To nie jest zwyk\u0142y newsletter. To narz\u0119dzie budowania \u015bwiadomo\u015bci, si\u0142y wewn\u0119trznej i strategicznego spojrzenia na rzeczywisto\u015b\u0107. [&hellip;]<\/p>\n","protected":false},"author":1,"featured_media":145,"parent":0,"menu_order":0,"comment_status":"closed","ping_status":"closed","template":"","meta":{"footnotes":""},"class_list":["post-139","page","type-page","status-publish","has-post-thumbnail","hentry"],"_links":{"self":[{"href":"https:\/\/www.ksiazemachiavellego.pl\/index.php?rest_route=\/wp\/v2\/pages\/139","targetHints":{"allow":["GET"]}}],"collection":[{"href":"https:\/\/www.ksiazemachiavellego.pl\/index.php?rest_route=\/wp\/v2\/pages"}],"about":[{"href":"https:\/\/www.ksiazemachiavellego.pl\/index.php?rest_route=\/wp\/v2\/types\/page"}],"author":[{"embeddable":true,"href":"https:\/\/www.ksiazemachiavellego.pl\/index.php?rest_route=\/wp\/v2\/users\/1"}],"replies":[{"embeddable":true,"href":"https:\/\/www.ksiazemachiavellego.pl\/index.php?rest_route=%2Fwp%2Fv2%2Fcomments&post=139"}],"version-history":[{"count":7,"href":"https:\/\/www.ksiazemachiavellego.pl\/index.php?rest_route=\/wp\/v2\/pages\/139\/revisions"}],"predecessor-version":[{"id":152,"href":"https:\/\/www.ksiazemachiavellego.pl\/index.php?rest_route=\/wp\/v2\/pages\/139\/revisions\/152"}],"wp:featuredmedia":[{"embeddable":true,"href":"https:\/\/www.ksiazemachiavellego.pl\/index.php?rest_route=\/wp\/v2\/media\/145"}],"wp:attachment":[{"href":"https:\/\/www.ksiazemachiavellego.pl\/index.php?rest_route=%2Fwp%2Fv2%2Fmedia&parent=139"}],"curies":[{"name":"wp","href":"https:\/\/api.w.org\/{rel}","templated":true}]}}