{"id":153,"date":"2026-04-17T19:35:18","date_gmt":"2026-04-17T19:35:18","guid":{"rendered":"https:\/\/www.ksiazemachiavellego.pl\/?page_id=153"},"modified":"2026-04-17T19:35:18","modified_gmt":"2026-04-17T19:35:18","slug":"wprowadzenie-do-koncepcji-wladzy","status":"publish","type":"page","link":"https:\/\/www.ksiazemachiavellego.pl\/?page_id=153","title":{"rendered":"Wprowadzenie do koncepcji w\u0142adzy"},"content":{"rendered":"\n<p><strong>Wprowadzenie do koncepcji w\u0142adzy<\/strong><\/p>\n\n\n\n<p>Ten dzia\u0142 stanowi fundament dla zrozumienia mechanizm\u00f3w rz\u0105dz\u0105cych relacjami spo\u0142ecznymi, politycznymi i organizacyjnymi. W\u0142adza nie jest tu ujmowana wy\u0142\u0105cznie jako narz\u0119dzie dominacji, lecz jako z\u0142o\u017cony system wp\u0142ywu, zale\u017cno\u015bci i kontroli, kt\u00f3ry przenika ka\u017cd\u0105 struktur\u0119 \u2014 od jednostki, przez instytucje, a\u017c po ca\u0142e pa\u0144stwa.<\/p>\n\n\n\n<p>Punktem wyj\u015bcia jest refleksja nad klasycznym uj\u0119ciem w\u0142adzy, jakie prezentuje Niccol\u00f2 Machiavelli w dziele Ksi\u0105\u017c\u0119 \u2014 gdzie skuteczno\u015b\u0107 dzia\u0142ania cz\u0119sto wyprzedza moralno\u015b\u0107. Koncepcja ta zostaje zestawiona z nowoczesnymi teoriami, m.in. Michel Foucault, kt\u00f3ry postrzega w\u0142adz\u0119 jako rozproszon\u0105 sie\u0107 relacji obecnych w codziennym \u017cyciu, oraz Max Weber, definiuj\u0105cego j\u0105 jako zdolno\u015b\u0107 narzucania swojej woli mimo oporu innych.<\/p>\n\n\n\n<p>Dzia\u0142 ten analizuje r\u00f3\u017cne formy w\u0142adzy \u2014 formaln\u0105 i nieformaln\u0105, jawn\u0105 i ukryt\u0105, symboliczn\u0105 i ekonomiczn\u0105 \u2014 ukazuj\u0105c ich wp\u0142yw na decyzje, zachowania oraz kszta\u0142towanie rzeczywisto\u015bci spo\u0142ecznej. Porusza tak\u017ce kwestie legitymizacji, autorytetu, manipulacji oraz granic etycznych w sprawowaniu kontroli.<\/p>\n\n\n\n<p>To przestrze\u0144 dla tych, kt\u00f3rzy chc\u0105 nie tylko rozumie\u0107 w\u0142adz\u0119, ale r\u00f3wnie\u017c \u015bwiadomie j\u0105 interpretowa\u0107 i identyfikowa\u0107 jej przejawy w otaczaj\u0105cym \u015bwiecie \u2014 od polityki, przez media, a\u017c po relacje mi\u0119dzyludzkie.<\/p>\n","protected":false},"excerpt":{"rendered":"<p>Wprowadzenie do koncepcji w\u0142adzy Ten dzia\u0142 stanowi fundament dla zrozumienia mechanizm\u00f3w rz\u0105dz\u0105cych relacjami spo\u0142ecznymi, politycznymi i organizacyjnymi. W\u0142adza nie jest tu ujmowana wy\u0142\u0105cznie jako narz\u0119dzie dominacji, lecz jako z\u0142o\u017cony system wp\u0142ywu, zale\u017cno\u015bci i kontroli, kt\u00f3ry przenika ka\u017cd\u0105 struktur\u0119 \u2014 od jednostki, przez instytucje, a\u017c po ca\u0142e pa\u0144stwa. Punktem wyj\u015bcia jest refleksja nad klasycznym uj\u0119ciem w\u0142adzy, [&hellip;]<\/p>\n","protected":false},"author":1,"featured_media":154,"parent":0,"menu_order":0,"comment_status":"closed","ping_status":"closed","template":"","meta":{"footnotes":""},"class_list":["post-153","page","type-page","status-publish","has-post-thumbnail","hentry"],"_links":{"self":[{"href":"https:\/\/www.ksiazemachiavellego.pl\/index.php?rest_route=\/wp\/v2\/pages\/153","targetHints":{"allow":["GET"]}}],"collection":[{"href":"https:\/\/www.ksiazemachiavellego.pl\/index.php?rest_route=\/wp\/v2\/pages"}],"about":[{"href":"https:\/\/www.ksiazemachiavellego.pl\/index.php?rest_route=\/wp\/v2\/types\/page"}],"author":[{"embeddable":true,"href":"https:\/\/www.ksiazemachiavellego.pl\/index.php?rest_route=\/wp\/v2\/users\/1"}],"replies":[{"embeddable":true,"href":"https:\/\/www.ksiazemachiavellego.pl\/index.php?rest_route=%2Fwp%2Fv2%2Fcomments&post=153"}],"version-history":[{"count":1,"href":"https:\/\/www.ksiazemachiavellego.pl\/index.php?rest_route=\/wp\/v2\/pages\/153\/revisions"}],"predecessor-version":[{"id":155,"href":"https:\/\/www.ksiazemachiavellego.pl\/index.php?rest_route=\/wp\/v2\/pages\/153\/revisions\/155"}],"wp:featuredmedia":[{"embeddable":true,"href":"https:\/\/www.ksiazemachiavellego.pl\/index.php?rest_route=\/wp\/v2\/media\/154"}],"wp:attachment":[{"href":"https:\/\/www.ksiazemachiavellego.pl\/index.php?rest_route=%2Fwp%2Fv2%2Fmedia&parent=153"}],"curies":[{"name":"wp","href":"https:\/\/api.w.org\/{rel}","templated":true}]}}