{"id":160,"date":"2026-04-17T19:37:40","date_gmt":"2026-04-17T19:37:40","guid":{"rendered":"https:\/\/www.ksiazemachiavellego.pl\/?page_id=160"},"modified":"2026-04-17T19:38:27","modified_gmt":"2026-04-17T19:38:27","slug":"definicja-wladzy-wedlug-machiavellego","status":"publish","type":"page","link":"https:\/\/www.ksiazemachiavellego.pl\/?page_id=160","title":{"rendered":"Typologia pa\u0144stw i system\u00f3w rz\u0105d\u00f3w"},"content":{"rendered":"","protected":false},"excerpt":{"rendered":"","protected":false},"author":1,"featured_media":0,"parent":0,"menu_order":0,"comment_status":"closed","ping_status":"closed","template":"","meta":{"footnotes":""},"class_list":["post-160","page","type-page","status-publish","hentry"],"_links":{"self":[{"href":"https:\/\/www.ksiazemachiavellego.pl\/index.php?rest_route=\/wp\/v2\/pages\/160","targetHints":{"allow":["GET"]}}],"collection":[{"href":"https:\/\/www.ksiazemachiavellego.pl\/index.php?rest_route=\/wp\/v2\/pages"}],"about":[{"href":"https:\/\/www.ksiazemachiavellego.pl\/index.php?rest_route=\/wp\/v2\/types\/page"}],"author":[{"embeddable":true,"href":"https:\/\/www.ksiazemachiavellego.pl\/index.php?rest_route=\/wp\/v2\/users\/1"}],"replies":[{"embeddable":true,"href":"https:\/\/www.ksiazemachiavellego.pl\/index.php?rest_route=%2Fwp%2Fv2%2Fcomments&post=160"}],"version-history":[{"count":3,"href":"https:\/\/www.ksiazemachiavellego.pl\/index.php?rest_route=\/wp\/v2\/pages\/160\/revisions"}],"predecessor-version":[{"id":163,"href":"https:\/\/www.ksiazemachiavellego.pl\/index.php?rest_route=\/wp\/v2\/pages\/160\/revisions\/163"}],"wp:attachment":[{"href":"https:\/\/www.ksiazemachiavellego.pl\/index.php?rest_route=%2Fwp%2Fv2%2Fmedia&parent=160"}],"curies":[{"name":"wp","href":"https:\/\/api.w.org\/{rel}","templated":true}]}}